{"id":1076,"date":"2021-02-04T12:44:15","date_gmt":"2021-02-04T12:44:15","guid":{"rendered":"https:\/\/laomi.it\/?post_type=product&#038;p=1076"},"modified":"2026-02-09T13:27:13","modified_gmt":"2026-02-09T13:27:13","slug":"anello-grillo-su-fili-derba","status":"publish","type":"product","link":"https:\/\/laomi.it\/en\/tutti-i-gioielli\/collezioni\/collezioni-piccolo-popolo\/anello-grillo-su-fili-derba","title":{"rendered":"\"Cricket on blades of grass\" ring"},"content":{"rendered":"<p>925 yellow gold-plated silver ring, micro sculpture of a cricket on blades of grass, created entirely by hand using the lost-wax casting technique. Adjustable to size.<\/p>\n<p>Message:<br \/>\n<em>\"You called me and I came to you. <\/em><em>Through my guidance, you will find the truth you seek. I will support you in awakening your intuitive abilities by helping you develop clairvoyance. <\/em><em>You are ready to take the leap that will expand your awareness. I will make this moment, fortunate and fruitful. <\/em><em>Invoke me by walking barefoot on the earth, breathing in the scent of grass. <\/em><em>My power is at your service.\"<\/em><\/p>","protected":false},"excerpt":{"rendered":"<p>Anello in argento 925 placcato oro giallo, micro scultura di grillo su fili d&#8217;erba, creato interamente a mano con la tecnica della fusione a cera persa. Regolabile a misura. Messaggio: &#8220;Mi hai chiamato e sono arrivato a te. Attraverso la mia guida, troverai la verit\u00e0 che cerchi. Ti affiancher\u00f2 nel risvegliare le tue capacit\u00e0 intuitive [&hellip;]<\/p>\n","protected":false},"featured_media":1750,"comment_status":"open","ping_status":"closed","template":"","meta":[],"product_brand":[],"product_cat":[28,32],"product_tag":[48,47],"class_list":{"0":"post-1076","1":"product","2":"type-product","3":"status-publish","4":"has-post-thumbnail","6":"product_cat-collezioni","7":"product_cat-collezioni-piccolo-popolo","8":"product_tag-argento","9":"product_tag-oro-giallo","11":"first","12":"instock","13":"taxable","14":"shipping-taxable","15":"purchasable","16":"product-type-variable","17":"has-default-attributes"},"_links":{"self":[{"href":"https:\/\/laomi.it\/en\/wp-json\/wp\/v2\/product\/1076","targetHints":{"allow":["GET"]}}],"collection":[{"href":"https:\/\/laomi.it\/en\/wp-json\/wp\/v2\/product"}],"about":[{"href":"https:\/\/laomi.it\/en\/wp-json\/wp\/v2\/types\/product"}],"replies":[{"embeddable":true,"href":"https:\/\/laomi.it\/en\/wp-json\/wp\/v2\/comments?post=1076"}],"wp:featuredmedia":[{"embeddable":true,"href":"https:\/\/laomi.it\/en\/wp-json\/wp\/v2\/media\/1750"}],"wp:attachment":[{"href":"https:\/\/laomi.it\/en\/wp-json\/wp\/v2\/media?parent=1076"}],"wp:term":[{"taxonomy":"product_brand","embeddable":true,"href":"https:\/\/laomi.it\/en\/wp-json\/wp\/v2\/product_brand?post=1076"},{"taxonomy":"product_cat","embeddable":true,"href":"https:\/\/laomi.it\/en\/wp-json\/wp\/v2\/product_cat?post=1076"},{"taxonomy":"product_tag","embeddable":true,"href":"https:\/\/laomi.it\/en\/wp-json\/wp\/v2\/product_tag?post=1076"}],"curies":[{"name":"wp","href":"https:\/\/api.w.org\/{rel}","templated":true}]}}