{"id":1407,"date":"2021-02-08T08:10:44","date_gmt":"2021-02-08T08:10:44","guid":{"rendered":"https:\/\/laomi.it\/?post_type=product&#038;p=1407"},"modified":"2024-12-30T14:50:14","modified_gmt":"2024-12-30T14:50:14","slug":"medaglietta-cuore-in-ottone","status":"publish","type":"product","link":"https:\/\/laomi.it\/en\/tutti-i-gioielli\/collezioni\/collezioni-i-messaggi-delle-fate\/medaglietta-cuore-in-ottone","title":{"rendered":"\"Heart\" brass medal"},"content":{"rendered":"<p>Medaglietta in ottone brunito con clip in argento 925 bagnato oro, micro scultura di cuore in alto rilievo e messaggio inciso sul retro. Interamente realizzata e assemblata a mano. Applicabile a mix di bracciali o collane acquistabili separatamente.<\/p>\n<p><strong>Messaggio Cuore: Ascolta il tuo cuore<\/strong><br \/>\n<em>&#8220;Questo \u00e8 il portale pi\u00f9 potente che possiedi. \u00c9 da l\u00ec che tutti noi, Angeli di Natura, Maestri, Spiriti guida, ti parliamo. Non possiamo decidere per te, noi stiamo sulla soglia del tuo cuore e benediciamo tutto ci\u00f2 che accetti di manifestare.&#8221;<\/em><\/p>","protected":false},"excerpt":{"rendered":"<p>Medaglietta in ottone brunito con clip in argento 925 bagnato oro, micro scultura di cuore in alto rilievo e messaggio inciso sul retro. Interamente realizzata e assemblata a mano. Applicabile a mix di bracciali o collane acquistabili separatamente. Messaggio Cuore: Ascolta il tuo cuore &#8220;Questo \u00e8 il portale pi\u00f9 potente che possiedi. \u00c9 da l\u00ec [&hellip;]<\/p>\n","protected":false},"featured_media":1365,"comment_status":"open","ping_status":"closed","template":"","meta":[],"product_brand":[],"product_cat":[28,30],"product_tag":[51],"class_list":{"0":"post-1407","1":"product","2":"type-product","3":"status-publish","4":"has-post-thumbnail","6":"product_cat-collezioni","7":"product_cat-collezioni-i-messaggi-delle-fate","8":"product_tag-ottone","10":"first","11":"instock","12":"taxable","13":"shipping-taxable","14":"purchasable","15":"product-type-variable","16":"has-default-attributes"},"_links":{"self":[{"href":"https:\/\/laomi.it\/en\/wp-json\/wp\/v2\/product\/1407","targetHints":{"allow":["GET"]}}],"collection":[{"href":"https:\/\/laomi.it\/en\/wp-json\/wp\/v2\/product"}],"about":[{"href":"https:\/\/laomi.it\/en\/wp-json\/wp\/v2\/types\/product"}],"replies":[{"embeddable":true,"href":"https:\/\/laomi.it\/en\/wp-json\/wp\/v2\/comments?post=1407"}],"wp:featuredmedia":[{"embeddable":true,"href":"https:\/\/laomi.it\/en\/wp-json\/wp\/v2\/media\/1365"}],"wp:attachment":[{"href":"https:\/\/laomi.it\/en\/wp-json\/wp\/v2\/media?parent=1407"}],"wp:term":[{"taxonomy":"product_brand","embeddable":true,"href":"https:\/\/laomi.it\/en\/wp-json\/wp\/v2\/product_brand?post=1407"},{"taxonomy":"product_cat","embeddable":true,"href":"https:\/\/laomi.it\/en\/wp-json\/wp\/v2\/product_cat?post=1407"},{"taxonomy":"product_tag","embeddable":true,"href":"https:\/\/laomi.it\/en\/wp-json\/wp\/v2\/product_tag?post=1407"}],"curies":[{"name":"wp","href":"https:\/\/api.w.org\/{rel}","templated":true}]}}