{"id":1579,"date":"2021-02-08T16:35:54","date_gmt":"2021-02-08T16:35:54","guid":{"rendered":"https:\/\/laomi.it\/?post_type=product&#038;p=1579"},"modified":"2024-12-30T14:16:16","modified_gmt":"2024-12-30T14:16:16","slug":"medaglietta-triskell-in-argento","status":"publish","type":"product","link":"https:\/\/laomi.it\/en\/tutti-i-gioielli\/collezioni\/collezioni-i-messaggi-delle-fate\/medaglietta-triskell-in-argento","title":{"rendered":"\"Triskell\" silver medal"},"content":{"rendered":"<p>Medaglietta in argento brunito 925, micro scultura di simbolo di Triskell e messaggio inciso sul retro. Interamente realizzata e assemblata a mano. Applicabile a mix di bracciali o collane acquistabili separatamente.<\/p>\n<p><strong>Messaggio Triskell: Trasformazione<\/strong><br \/>\n<em>&#8220;Tutto quello che pensi di essere, ora \u00e8 giunto a maturazione ed \u00e8 pronto a trasformarsi in ci\u00f2 che sar\u00e0. Raccogli tutte le tue esperienze senza giudicarle o discriminarle e rimettile a noi. Stiamo rinnovando ogni tua cellula!&#8221;<\/em><\/p>","protected":false},"excerpt":{"rendered":"<p>Medaglietta in argento brunito 925, micro scultura di simbolo di Triskell e messaggio inciso sul retro. Interamente realizzata e assemblata a mano. Applicabile a mix di bracciali o collane acquistabili separatamente. Messaggio Triskell: Trasformazione &#8220;Tutto quello che pensi di essere, ora \u00e8 giunto a maturazione ed \u00e8 pronto a trasformarsi in ci\u00f2 che sar\u00e0. Raccogli [&hellip;]<\/p>\n","protected":false},"featured_media":1581,"comment_status":"open","ping_status":"closed","template":"","meta":[],"product_brand":[],"product_cat":[28,30],"product_tag":[48],"class_list":{"0":"post-1579","1":"product","2":"type-product","3":"status-publish","4":"has-post-thumbnail","6":"product_cat-collezioni","7":"product_cat-collezioni-i-messaggi-delle-fate","8":"product_tag-argento","10":"first","11":"instock","12":"taxable","13":"shipping-taxable","14":"purchasable","15":"product-type-variable","16":"has-default-attributes"},"_links":{"self":[{"href":"https:\/\/laomi.it\/en\/wp-json\/wp\/v2\/product\/1579","targetHints":{"allow":["GET"]}}],"collection":[{"href":"https:\/\/laomi.it\/en\/wp-json\/wp\/v2\/product"}],"about":[{"href":"https:\/\/laomi.it\/en\/wp-json\/wp\/v2\/types\/product"}],"replies":[{"embeddable":true,"href":"https:\/\/laomi.it\/en\/wp-json\/wp\/v2\/comments?post=1579"}],"wp:featuredmedia":[{"embeddable":true,"href":"https:\/\/laomi.it\/en\/wp-json\/wp\/v2\/media\/1581"}],"wp:attachment":[{"href":"https:\/\/laomi.it\/en\/wp-json\/wp\/v2\/media?parent=1579"}],"wp:term":[{"taxonomy":"product_brand","embeddable":true,"href":"https:\/\/laomi.it\/en\/wp-json\/wp\/v2\/product_brand?post=1579"},{"taxonomy":"product_cat","embeddable":true,"href":"https:\/\/laomi.it\/en\/wp-json\/wp\/v2\/product_cat?post=1579"},{"taxonomy":"product_tag","embeddable":true,"href":"https:\/\/laomi.it\/en\/wp-json\/wp\/v2\/product_tag?post=1579"}],"curies":[{"name":"wp","href":"https:\/\/api.w.org\/{rel}","templated":true}]}}