{"id":5763,"date":"2025-01-12T07:45:45","date_gmt":"2025-01-12T07:45:45","guid":{"rendered":"https:\/\/laomi.it\/?post_type=product&#038;p=5763"},"modified":"2025-01-12T07:52:12","modified_gmt":"2025-01-12T07:52:12","slug":"bracciale-rigido-vanessa","status":"publish","type":"product","link":"https:\/\/laomi.it\/en\/tutti-i-gioielli\/opere-di-arte\/opere-di-arte-bracciali\/bracciale-rigido-vanessa","title":{"rendered":"Vanessa bangle bracelet"},"content":{"rendered":"<p>925 silver bracelet, high relief micro sculpture of Vanessa, Icarus, and buds, entirely handmade to measure using the lost wax casting technique. Customizable with different subjects or materials, including yellow, white, and rose gold.<br \/>\nThe stone used for the closure may vary depending on availability.<\/p>\n<p>The manufacturing cost is to be considered inclusive of VAT.<\/p>","protected":false},"excerpt":{"rendered":"<p>Bracciale in argento 925, micro scultura ad alto rilievo di Vanessa, Icaro e boccioli, creato interamente a mano su misura con la tecnica della fusione a cera persa. Personalizzabile con diverso soggetto o materiale tra oro giallo, bianco e rosa. La pietra in chiusura pu\u00f2 cambiare a seconda della disponibilit\u00e0. La manifattura \u00e8 da considerarsi [&hellip;]<\/p>\n","protected":false},"featured_media":5765,"comment_status":"open","ping_status":"closed","template":"","meta":[],"product_brand":[],"product_cat":[24,22],"product_tag":[48],"class_list":{"0":"post-5763","1":"product","2":"type-product","3":"status-publish","4":"has-post-thumbnail","6":"product_cat-opere-di-arte-bracciali","7":"product_cat-opere-di-arte","8":"product_tag-argento","10":"first","11":"instock","12":"taxable","13":"shipping-taxable","14":"product-type-simple"},"_links":{"self":[{"href":"https:\/\/laomi.it\/en\/wp-json\/wp\/v2\/product\/5763","targetHints":{"allow":["GET"]}}],"collection":[{"href":"https:\/\/laomi.it\/en\/wp-json\/wp\/v2\/product"}],"about":[{"href":"https:\/\/laomi.it\/en\/wp-json\/wp\/v2\/types\/product"}],"replies":[{"embeddable":true,"href":"https:\/\/laomi.it\/en\/wp-json\/wp\/v2\/comments?post=5763"}],"wp:featuredmedia":[{"embeddable":true,"href":"https:\/\/laomi.it\/en\/wp-json\/wp\/v2\/media\/5765"}],"wp:attachment":[{"href":"https:\/\/laomi.it\/en\/wp-json\/wp\/v2\/media?parent=5763"}],"wp:term":[{"taxonomy":"product_brand","embeddable":true,"href":"https:\/\/laomi.it\/en\/wp-json\/wp\/v2\/product_brand?post=5763"},{"taxonomy":"product_cat","embeddable":true,"href":"https:\/\/laomi.it\/en\/wp-json\/wp\/v2\/product_cat?post=5763"},{"taxonomy":"product_tag","embeddable":true,"href":"https:\/\/laomi.it\/en\/wp-json\/wp\/v2\/product_tag?post=5763"}],"curies":[{"name":"wp","href":"https:\/\/api.w.org\/{rel}","templated":true}]}}